{"id":772,"date":"2025-04-02T08:27:51","date_gmt":"2025-04-02T06:27:51","guid":{"rendered":"https:\/\/villaespina.es\/?page_id=772"},"modified":"2025-04-02T08:34:51","modified_gmt":"2025-04-02T06:34:51","slug":"politica-de-cookies","status":"publish","type":"page","link":"https:\/\/villaespina.es\/en\/politica-de-cookies\/","title":{"rendered":"Cookie policy"},"content":{"rendered":"<p>[et_pb_section fb_built=\u00bb1&#8243; _builder_version=\u00bb4.22.1&#8243; _module_preset=\u00bbdefault\u00bb global_colors_info=\u00bb{}\u00bb theme_builder_area=\u00bbpost_content\u00bb][et_pb_row _builder_version=\u00bb4.22.1&#8243; _module_preset=\u00bbdefault\u00bb global_colors_info=\u00bb{}\u00bb theme_builder_area=\u00bbpost_content\u00bb][et_pb_column type=\u00bb4_4&#8243; _builder_version=\u00bb4.22.1&#8243; _module_preset=\u00bbdefault\u00bb global_colors_info=\u00bb{}\u00bb theme_builder_area=\u00bbpost_content\u00bb][et_pb_heading title=\u00bbPol\u00edtica de Cookies\u00bb _builder_version=\u00bb4.22.1&#8243; _module_preset=\u00bbdefault\u00bb title_font=\u00bbMartin||||||||\u00bb title_font_size=\u00bb50px\u00bb hover_enabled=\u00bb0&#8243; global_colors_info=\u00bb{}\u00bb theme_builder_area=\u00bbpost_content\u00bb sticky_enabled=\u00bb0&#8243;][\/et_pb_heading][\/et_pb_column][\/et_pb_row][et_pb_row _builder_version=\u00bb4.22.1&#8243; _module_preset=\u00bbdefault\u00bb global_colors_info=\u00bb{}\u00bb theme_builder_area=\u00bbpost_content\u00bb][et_pb_column type=\u00bb4_4&#8243; _builder_version=\u00bb4.22.1&#8243; _module_preset=\u00bbdefault\u00bb global_colors_info=\u00bb{}\u00bb theme_builder_area=\u00bbpost_content\u00bb][et_pb_text _builder_version=\u00bb4.22.1&#8243; _module_preset=\u00bbdefault\u00bb text_font=\u00bbNunito||||||||\u00bb hover_enabled=\u00bb0&#8243; global_colors_info=\u00bb{}\u00bb theme_builder_area=\u00bbpost_content\u00bb sticky_enabled=\u00bb0&#8243;]<\/p>\n<h3><strong>OBJETO.<\/strong><\/h3>\n<p>Esta Pol\u00edtica de Cookies es parte integrante de las Condiciones de Uso y la Pol\u00edtica de Privacidad de la p\u00e1gina web de PALOMA FR\u00cdAS MART\u00d1INEZ con dominio <a href=\"http:\/\/www.villaespina\">www.villaespina.es <\/a>(en adelante, el \u00abSitio Web\u00bb o la \u00abP\u00e1gina Web\u00bb). El acceso y la navegaci\u00f3n en el Sitio Web, o el uso de los servicios del mismo, implican la aceptaci\u00f3n de los t\u00e9rminos y condiciones recogidos en las Condiciones de Uso y en la Pol\u00edtica de Privacidad.<\/p>\n<p>Con el fin de facilitar su navegaci\u00f3n por el Sitio Web, PALOMA FR\u00cdAS MARTINEZ (en adelante, \u00abEL PROPIETARIO DE LA WEB\u00bb) con domicilio fiscal en AVENIDA PALENCIA, N\u00ba3, 34250, QUINTANA DEL PUENTE (PALENCIA)<span>.<\/span><span>\u00a0<\/span>en NIF 12757519 V, le comunica que utiliza cookies u otros archivos de funcionalidad similar (en adelante, las \u00abcookies\u00bb).<\/p>\n<p>En este sentido y con el objetivo de garantizar al usuario toda la informaci\u00f3n necesaria para su correcta navegaci\u00f3n, ponemos a disposici\u00f3n del usuario el siguiente texto informativo sobre qu\u00e9 son las cookies, qu\u00e9 tipolog\u00eda de cookies existen en nuestra P\u00e1gina Web y c\u00f3mo es posible configurarlas o deshabilitarlas.<\/p>\n<h3><strong>\u00bfQU\u00c9 SON LAS COOKIES?<\/strong><\/h3>\n<p>Actualmente, todas las p\u00e1ginas Web, independientemente del servicio que presten, utilizan cookies, es decir, guardan una informaci\u00f3n m\u00ednima de la utilizaci\u00f3n realizada por el usuario en la P\u00e1gina Web. Una cookie puede definirse como un peque\u00f1o archivo de texto o dispositivo de uso generalizado que se descarga en el equipo terminal del usuario cuando navega por las p\u00e1ginas Web con la finalidad de almacenar datos que podr\u00e1n ser actualizados y recuperados por la entidad responsable de su instalaci\u00f3n para mejorar la navegaci\u00f3n y la experiencia de usuario.<\/p>\n<h3><strong>TIPOLOG\u00cdA DE COOKIES.<\/strong><\/h3>\n<p>En el presente Sitio Web se utilizan cookies propias y de terceros. Las cookies utilizadas se almacenan en su ordenador durante un tiempo determinado, \u00e9stas pueden considerarse cookies de sesi\u00f3n (si caducan cuando abandona nuestro Sitio Web) o persistentes (si la caducidad de las cookies dura m\u00e1s tiempo). Las cookies utilizadas en la presente p\u00e1gina Web son:<\/p>\n<p><strong>(I) COOKIES \u00abESTRICTAMENTE NECESARIAS\u00bb.<\/strong><\/p>\n<p>Son aquellas cookies consideradas imprescindibles para la navegaci\u00f3n por la P\u00e1gina Web, pues facilitan al usuario la utilizaci\u00f3n de sus prestaciones o herramientas como, por ejemplo, identificar la sesi\u00f3n, acceder a partes de acceso restringido, recordar los elementos que integran un pedido, realizar el proceso de compra de un pedido, entre otros. Sin estas cookies, las funciones mencionadas quedar\u00edan inhabilitadas.<\/p>\n<p><strong>(II) COOKIES SOBRE COMPORTAMIENTO.<\/strong><\/p>\n<p>Son aquellas cookies cuyo objetivo es la recopilaci\u00f3n de informaci\u00f3n relativa a los usos de navegaci\u00f3n del usuario, como por ejemplo las p\u00e1ginas que son m\u00e1s visitadas, los mensajes de error, entre otros, con el objetivo por parte del responsable, de introducir mejoras en la p\u00e1gina Web en base a la informaci\u00f3n recopilada por estas cookies.<\/p>\n<p>La informaci\u00f3n recopilada por estas cookies es an\u00f3nima no pudiendo identificar al usuario personalmente y por lo tanto se utiliza exclusivamente para el correcto funcionamiento de la P\u00e1gina Web.<\/p>\n<p><strong>(III) COOKIES DE FUNCIONALIDAD.<\/strong><\/p>\n<p>Son aquellas cookies que permiten recordar a la p\u00e1gina Web las decisiones que el usuario toma, por ejemplo: se almacenar\u00e1 la ubicaci\u00f3n geogr\u00e1fica del usuario para asegurar que se muestra el sitio Web indicado para su regi\u00f3n, el nombre de usuario, el idioma, el tipo de navegador mediante el cual se accede a la p\u00e1gina Web, entre otros. El objetivo es la prestaci\u00f3n de un servicio m\u00e1s personalizado.<\/p>\n<p>La informaci\u00f3n recopilada por estas cookies es an\u00f3nima no pudiendo identificar al usuario personalmente y por lo tanto se utiliza exclusivamente para el funcionamiento de la p\u00e1gina Web.<\/p>\n<p><strong>(IV) COOKIES DE PERSONALIZACI\u00d3N Y DE PUBLICIDAD.<\/strong><\/p>\n<p>Son aquellas cookies que se utilizan por los operadores publicitarios con el permiso del titular de la p\u00e1gina Web, las cuales recogen informaci\u00f3n sobre las preferencias y elecciones del usuario en su navegaci\u00f3n por sitios Web. Se dirigen a las redes de publicidad quienes las utilizan para luego mostrar al usuario anuncios personalizados en otros sitios Web.<\/p>\n<h3><strong>CUADRO RESUMEN DE COOKIES UTILIZADAS EN EL SITIO WEB<\/strong><\/h3>\n<table>\n<tbody>\n<tr>\n<td width=\"102\"><strong>Cookies<\/strong><\/td>\n<td width=\"239\"><strong>finalidad<\/strong><\/td>\n<td width=\"174\"><strong>Informaci\u00f3n<\/strong><\/td>\n<\/tr>\n<tr>\n<td width=\"102\">Google Analytics<\/td>\n<td width=\"239\">Recopilan informaci\u00f3n an\u00f3nima sobre la navegaci\u00f3n por la web para conocer el origen de las visitas y otros datos estad\u00edsticos.<\/td>\n<td width=\"174\"><a href=\"https:\/\/developers.google.com\/analytics\/devguides\/collection\/analyticsjs\/cookie-usage?hl=es&amp;csw=1\"><strong>Google Analytics Cookie Usage on Websites<\/strong><\/a><\/td>\n<\/tr>\n<tr>\n<td width=\"102\">LuckyOrange<\/td>\n<td width=\"239\">\u00cddem (ocasionalmente)<\/td>\n<td width=\"174\"><\/td>\n<\/tr>\n<tr>\n<td width=\"102\">CrazyEgg<\/td>\n<td width=\"239\">\u00cddem (ocasionalmente)<\/td>\n<td width=\"174\"><\/td>\n<\/tr>\n<tr>\n<td width=\"102\">Optmizely<\/td>\n<td width=\"239\">\u00cddem (ocasionalmente)<\/td>\n<td width=\"174\"><\/td>\n<\/tr>\n<tr>\n<td width=\"102\">Google Adwords<\/td>\n<td width=\"239\">Atribuci\u00f3n de campa\u00f1as SEM<\/td>\n<td width=\"174\"><\/td>\n<\/tr>\n<tr>\n<td width=\"102\">Criteo<\/td>\n<td width=\"239\">Publicidad de retargeting<\/td>\n<td width=\"174\"><\/td>\n<\/tr>\n<tr>\n<td width=\"102\">Netigate<\/td>\n<td width=\"239\">Encuestas<\/td>\n<td width=\"174\"><\/td>\n<\/tr>\n<tr>\n<td width=\"102\">Facebook<\/td>\n<td width=\"239\">Atribuci\u00f3n de campa\u00f1as sociales<\/td>\n<td width=\"174\"><\/td>\n<\/tr>\n<tr>\n<td width=\"102\">BING<\/td>\n<td width=\"239\">Atribuci\u00f3n de campa\u00f1as SEM<\/td>\n<td width=\"174\"><\/td>\n<\/tr>\n<\/tbody>\n<\/table>\n<h3><strong>PROCEDIMIENTO DE OPOSICI\u00d3N A LA INSTALACI\u00d3N DE LAS COOKIES.<\/strong><\/h3>\n<p>La mayor\u00eda de ordenadores aceptan la utilizaci\u00f3n de cookies autom\u00e1ticamente. Sin embargo, el usuario tiene la posibilidad de decidir si mantiene las cookies habilitadas o no en su ordenador. El hecho de deshabilitar las cookies puede implicar la p\u00e9rdida de funcionamiento de la p\u00e1gina Web quedando inhabilitadas algunas de las caracter\u00edsticas o servicios prestados por la misma. Sin embargo, incluso habiendo desactivado todas las cookies el navegador Web recoge determinada informaci\u00f3n esencial para el funcionamiento b\u00e1sico de la P\u00e1gina Web.<\/p>\n<p>El usuario que quiera deshabilitar las cookies puede hacerlo desde la secci\u00f3n de preferencias de su navegador de Internet. Dependiendo del navegador deber\u00e1 de seguir determinados pasos para modificar la configuraci\u00f3n de las cookies en su ordenador:<\/p>\n<ul>\n<li><a href=\"https:\/\/support.google.com\/chrome\/answer\/95647?hl=es\">Chrome<\/a><\/li>\n<li><a href=\"http:\/\/support.apple.com\/kb\/HT1677?viewlocale=es_ES&amp;locale=es_ES\">Safari<\/a><\/li>\n<li><a href=\"http:\/\/support.mozilla.org\/es\/kb\/habilitar-y-deshabilitar-cookies-que-los-sitios-we#w_lcahmo-cambio-la-configuraciahn-de-las-cookies\">Firefox<\/a><\/li>\n<li><a href=\"http:\/\/windows.microsoft.com\/es-419\/windows7\/how-to-manage-cookies-in-internet-explorer-9\">Internet Explorer<\/a><\/li>\n<\/ul>\n<p>Todos los derechos reservados. Cualquier copia, distribuci\u00f3n y\/o reproducci\u00f3n, total o parcial, de los contenidos y\/o del sitio web DEL PROPIETARIO DE LA WEB exigir\u00e1n la autorizaci\u00f3n previa y por escrito DEL PROPIETARIO DE LA WEB.<\/p>\n<p>[\/et_pb_text][\/et_pb_column][\/et_pb_row][\/et_pb_section][et_pb_section fb_built=\u00bb1&#8243; admin_label=\u00bbFooter\u00bb _builder_version=\u00bb4.22.1&#8243; background_color_gradient_direction=\u00bb90deg\u00bb background_image=\u00bbhttps:\/\/villaespina.es\/wp-content\/uploads\/2025\/03\/56d56a4ff2940.webp\u00bb parallax=\u00bbon\u00bb custom_padding=\u00bb0px|0px|0px|0px\u00bb saved_tabs=\u00bball\u00bb locked=\u00bboff\u00bb global_colors_info=\u00bb{}\u00bb theme_builder_area=\u00bbpost_content\u00bb][et_pb_row column_structure=\u00bb1_2,1_2&#8243; use_custom_gutter=\u00bbon\u00bb gutter_width=\u00bb1&#8243; make_equal=\u00bbon\u00bb admin_label=\u00bbFooter Row\u00bb module_class=\u00bb et_pb_row_fullwidth\u00bb _builder_version=\u00bb4.22.1&#8243; width=\u00bb100%\u00bb width_tablet=\u00bb100%\u00bb width_phone=\u00bb\u00bb width_last_edited=\u00bbon|desktop\u00bb max_width=\u00bb100%\u00bb max_width_tablet=\u00bb100%\u00bb max_width_phone=\u00bb\u00bb max_width_last_edited=\u00bbon|desktop\u00bb custom_margin=\u00bb|||\u00bb custom_padding=\u00bb0px|0px|0px|0px\u00bb animation_style=\u00bbfade\u00bb make_fullwidth=\u00bbon\u00bb global_colors_info=\u00bb{}\u00bb theme_builder_area=\u00bbpost_content\u00bb][et_pb_column type=\u00bb1_2&#8243; _builder_version=\u00bb4.22.1&#8243; background_color=\u00bbrgba(0,0,0,0.6)\u00bb custom_padding=\u00bb100px|10%|100px|10%\u00bb custom_padding_tablet=\u00bb\u00bb custom_padding_phone=\u00bb\u00bb custom_padding_last_edited=\u00bbon|phone\u00bb global_colors_info=\u00bb{}\u00bb padding_last_edited=\u00bbon|phone\u00bb custom_padding__hover=\u00bb|||\u00bb theme_builder_area=\u00bbpost_content\u00bb][et_pb_text admin_label=\u00bbTittle\u00bb _builder_version=\u00bb4.22.1&#8243; text_font=\u00bbOswald||||\u00bb link_font=\u00bb||||||||\u00bb ul_font=\u00bb||||||||\u00bb ol_font=\u00bb||||||||\u00bb quote_font=\u00bb||||||||\u00bb header_font=\u00bb||||||||\u00bb header_2_font=\u00bbMartin||||||||\u00bb header_2_text_align=\u00bbleft\u00bb header_2_font_size=\u00bb40px\u00bb header_2_letter_spacing=\u00bb2px\u00bb header_2_line_height=\u00bb1.5em\u00bb background_layout=\u00bbdark\u00bb custom_margin=\u00bb||4%|\u00bb locked=\u00bboff\u00bb global_colors_info=\u00bb{}\u00bb theme_builder_area=\u00bbpost_content\u00bb]<\/p>\n<h2>Reserve your dates now!<\/h2>\n<p>[\/et_pb_text][et_pb_button button_url=\u00bb@ET-DC@eyJkeW5hbWljIjp0cnVlLCJjb250ZW50IjoicG9zdF9saW5rX3VybF9wYWdlIiwic2V0dGluZ3MiOnsicG9zdF9pZCI6IjY4MCJ9fQ==@\u00bb button_text=\u00bbconsultar disponibilidad\u00bb button_alignment=\u00bbleft\u00bb admin_label=\u00bbTexts\u00bb _builder_version=\u00bb4.22.1&#8243; _dynamic_attributes=\u00bbbutton_url\u00bb custom_button=\u00bbon\u00bb button_text_size=\u00bb15px\u00bb button_text_color=\u00bb#ffffff\u00bb button_bg_color=\u00bb#dca47d\u00bb button_border_width=\u00bb10px\u00bb button_border_color=\u00bb#dca47d\u00bb button_border_radius=\u00bb0px\u00bb button_letter_spacing=\u00bb3px\u00bb button_font=\u00bbOswald|||on|\u00bb button_use_icon=\u00bboff\u00bb custom_margin=\u00bb|||\u00bb button_border_color_hover=\u00bb#c99872&#8243; button_border_radius_hover=\u00bb0px\u00bb button_letter_spacing_hover=\u00bb3px\u00bb button_bg_color_hover=\u00bb#c99872&#8243; global_colors_info=\u00bb{}\u00bb button_text_size__hover_enabled=\u00bboff\u00bb button_one_text_size__hover_enabled=\u00bboff\u00bb button_two_text_size__hover_enabled=\u00bboff\u00bb button_text_color__hover_enabled=\u00bboff\u00bb button_one_text_color__hover_enabled=\u00bboff\u00bb button_two_text_color__hover_enabled=\u00bboff\u00bb button_border_width__hover_enabled=\u00bboff\u00bb button_one_border_width__hover_enabled=\u00bboff\u00bb button_two_border_width__hover_enabled=\u00bboff\u00bb button_border_color__hover_enabled=\u00bbon\u00bb button_border_color__hover=\u00bb#c99872&#8243; button_one_border_color__hover_enabled=\u00bboff\u00bb button_two_border_color__hover_enabled=\u00bboff\u00bb button_border_radius__hover_enabled=\u00bbon\u00bb button_border_radius__hover=\u00bb0px\u00bb button_one_border_radius__hover_enabled=\u00bboff\u00bb button_two_border_radius__hover_enabled=\u00bboff\u00bb button_letter_spacing__hover_enabled=\u00bbon\u00bb button_letter_spacing__hover=\u00bb3px\u00bb button_one_letter_spacing__hover_enabled=\u00bboff\u00bb button_two_letter_spacing__hover_enabled=\u00bboff\u00bb button_bg_color__hover_enabled=\u00bbon\u00bb button_bg_color__hover=\u00bb#c99872&#8243; button_one_bg_color__hover_enabled=\u00bboff\u00bb button_two_bg_color__hover_enabled=\u00bboff\u00bb theme_builder_area=\u00bbpost_content\u00bb][\/et_pb_button][\/et_pb_column][et_pb_column type=\u00bb1_2&#8243; _builder_version=\u00bb4.16&#8243; background_color=\u00bb#000000&#8243; custom_padding=\u00bb100px|10%|100px|10%\u00bb global_colors_info=\u00bb{}\u00bb custom_padding__hover=\u00bb|||\u00bb theme_builder_area=\u00bbpost_content\u00bb][et_pb_text admin_label=\u00bbTexts\u00bb _builder_version=\u00bb4.22.1&#8243; text_font=\u00bbOswald||||\u00bb link_font=\u00bb||||||||\u00bb ul_font=\u00bb||||||||\u00bb ol_font=\u00bb||||||||\u00bb quote_font=\u00bb||||||||\u00bb header_font=\u00bb||||||||\u00bb header_2_font=\u00bbMartin||||||||\u00bb header_2_text_align=\u00bbleft\u00bb header_2_font_size=\u00bb40px\u00bb header_2_letter_spacing=\u00bb2px\u00bb header_2_line_height=\u00bb1.5em\u00bb background_layout=\u00bbdark\u00bb custom_margin=\u00bb||4%|\u00bb custom_padding=\u00bb|||\u00bb locked=\u00bboff\u00bb global_colors_info=\u00bb{}\u00bb theme_builder_area=\u00bbpost_content\u00bb]<\/p>\n<h2>Contact<\/h2>\n<p>[\/et_pb_text][et_pb_text admin_label=\u00bbTexts\u00bb _builder_version=\u00bb4.22.1&#8243; text_font=\u00bbNunito||||\u00bb text_font_size=\u00bb16px\u00bb header_font=\u00bbOswald|||on|\u00bb header_text_color=\u00bb#DCA57D\u00bb header_font_size=\u00bb16px\u00bb header_letter_spacing=\u00bb2px\u00bb header_line_height=\u00bb1.7em\u00bb header_4_font=\u00bbOswald|||on|||||\u00bb header_4_text_color=\u00bb#DCA57D\u00bb header_4_font_size=\u00bb16px\u00bb header_4_letter_spacing=\u00bb1px\u00bb header_4_line_height=\u00bb1.5em\u00bb background_layout=\u00bbdark\u00bb custom_margin=\u00bb||6%|\u00bb locked=\u00bboff\u00bb global_colors_info=\u00bb{}\u00bb theme_builder_area=\u00bbpost_content\u00bb]<\/p>\n<h4>Phone<\/h4>\n<p>673 72 33 145<br \/>687 76 41 57<\/p>\n<p>[\/et_pb_text][et_pb_text admin_label=\u00bbTexts\u00bb _builder_version=\u00bb4.22.1&#8243; text_font=\u00bbNunito||||\u00bb text_font_size=\u00bb16px\u00bb header_font=\u00bbOswald|||on|\u00bb header_text_color=\u00bb#DCA57D\u00bb header_font_size=\u00bb16px\u00bb header_letter_spacing=\u00bb2px\u00bb header_line_height=\u00bb1.7em\u00bb header_4_font=\u00bbOswald|||on|||||\u00bb header_4_text_color=\u00bb#DCA57D\u00bb header_4_font_size=\u00bb16px\u00bb header_4_letter_spacing=\u00bb1px\u00bb header_4_line_height=\u00bb1.5em\u00bb background_layout=\u00bbdark\u00bb custom_margin=\u00bb||6%|\u00bb locked=\u00bboff\u00bb global_colors_info=\u00bb{}\u00bb theme_builder_area=\u00bbpost_content\u00bb]<\/p>\n<h4>E-Mail<\/h4>\n<p>villaespina20@gmail.com\u00a0<br \/>reservas@villaespina.es<\/p>\n<p>[\/et_pb_text][et_pb_text admin_label=\u00bbTexts\u00bb _builder_version=\u00bb4.22.1&#8243; text_font=\u00bbNunito||||\u00bb text_font_size=\u00bb16px\u00bb text_line_height=\u00bb1.5em\u00bb header_font=\u00bbOswald|||on|\u00bb header_text_color=\u00bb#DCA57D\u00bb header_font_size=\u00bb16px\u00bb header_letter_spacing=\u00bb2px\u00bb header_line_height=\u00bb1.7em\u00bb header_4_font=\u00bbOswald|||on|||||\u00bb header_4_text_color=\u00bb#DCA57D\u00bb header_4_font_size=\u00bb16px\u00bb header_4_letter_spacing=\u00bb1px\u00bb header_4_line_height=\u00bb1.5em\u00bb background_layout=\u00bbdark\u00bb custom_margin=\u00bb||6%|\u00bb locked=\u00bboff\u00bb global_colors_info=\u00bb{}\u00bb theme_builder_area=\u00bbpost_content\u00bb]<\/p>\n<h4>ADDRESS<\/h4>\n<p>Avenida Palencia, no. 3<br \/>Quintana del Puente, 34250<\/p>\n<p>[\/et_pb_text][\/et_pb_column][\/et_pb_row][\/et_pb_section]<\/p>","protected":false},"excerpt":{"rendered":"<p>OBJETO. Esta Pol\u00edtica de Cookies es parte integrante de las Condiciones de Uso y la Pol\u00edtica de Privacidad de la p\u00e1gina web de PALOMA FR\u00cdAS MART\u00d1INEZ con dominio www.villaespina.es (en adelante, el \u00abSitio Web\u00bb o la \u00abP\u00e1gina Web\u00bb). El acceso y la navegaci\u00f3n en el Sitio Web, o el uso de los servicios del mismo, [&hellip;]<\/p>","protected":false},"author":1,"featured_media":0,"parent":0,"menu_order":0,"comment_status":"closed","ping_status":"closed","template":"","meta":{"_et_pb_use_builder":"on","_et_pb_old_content":"","_et_gb_content_width":"","footnotes":""},"class_list":["post-772","page","type-page","status-publish","hentry"],"yoast_head":"<!-- This site is optimized with the Yoast SEO plugin v26.9 - https:\/\/yoast.com\/product\/yoast-seo-wordpress\/ -->\n<title>Pol\u00edtica de cookies - Casa Rural Villa Espina<\/title>\n<meta name=\"robots\" content=\"index, follow, max-snippet:-1, max-image-preview:large, max-video-preview:-1\" \/>\n<link rel=\"canonical\" href=\"https:\/\/villaespina.es\/en\/politica-de-cookies\/\" \/>\n<meta property=\"og:locale\" content=\"en_GB\" \/>\n<meta property=\"og:type\" content=\"article\" \/>\n<meta property=\"og:title\" content=\"Pol\u00edtica de cookies - Casa Rural Villa Espina\" \/>\n<meta property=\"og:description\" content=\"OBJETO. Esta Pol\u00edtica de Cookies es parte integrante de las Condiciones de Uso y la Pol\u00edtica de Privacidad de la p\u00e1gina web de PALOMA FR\u00cdAS MART\u00d1INEZ con dominio www.villaespina.es (en adelante, el \u00abSitio Web\u00bb o la \u00abP\u00e1gina Web\u00bb). El acceso y la navegaci\u00f3n en el Sitio Web, o el uso de los servicios del mismo, [&hellip;]\" \/>\n<meta property=\"og:url\" content=\"https:\/\/villaespina.es\/en\/politica-de-cookies\/\" \/>\n<meta property=\"og:site_name\" content=\"Casa Rural Villa Espina\" \/>\n<meta property=\"article:modified_time\" content=\"2025-04-02T06:34:51+00:00\" \/>\n<meta name=\"twitter:card\" content=\"summary_large_image\" \/>\n<meta name=\"twitter:label1\" content=\"Estimated reading time\" \/>\n\t<meta name=\"twitter:data1\" content=\"10 minutes\" \/>\n<script type=\"application\/ld+json\" class=\"yoast-schema-graph\">{\"@context\":\"https:\/\/schema.org\",\"@graph\":[{\"@type\":\"WebPage\",\"@id\":\"https:\/\/villaespina.es\/politica-de-cookies\/\",\"url\":\"https:\/\/villaespina.es\/politica-de-cookies\/\",\"name\":\"Pol\u00edtica de cookies - Casa Rural Villa Espina\",\"isPartOf\":{\"@id\":\"https:\/\/villaespina.es\/#website\"},\"datePublished\":\"2025-04-02T06:27:51+00:00\",\"dateModified\":\"2025-04-02T06:34:51+00:00\",\"breadcrumb\":{\"@id\":\"https:\/\/villaespina.es\/politica-de-cookies\/#breadcrumb\"},\"inLanguage\":\"en-GB\",\"potentialAction\":[{\"@type\":\"ReadAction\",\"target\":[\"https:\/\/villaespina.es\/politica-de-cookies\/\"]}]},{\"@type\":\"BreadcrumbList\",\"@id\":\"https:\/\/villaespina.es\/politica-de-cookies\/#breadcrumb\",\"itemListElement\":[{\"@type\":\"ListItem\",\"position\":1,\"name\":\"Portada\",\"item\":\"https:\/\/villaespina.es\/\"},{\"@type\":\"ListItem\",\"position\":2,\"name\":\"Pol\u00edtica de cookies\"}]},{\"@type\":\"WebSite\",\"@id\":\"https:\/\/villaespina.es\/#website\",\"url\":\"https:\/\/villaespina.es\/\",\"name\":\"Casa Rural Villa Espina\",\"description\":\"Escapada rural perfecta en Quintana del Puente, Palencia.\",\"publisher\":{\"@id\":\"https:\/\/villaespina.es\/#organization\"},\"potentialAction\":[{\"@type\":\"SearchAction\",\"target\":{\"@type\":\"EntryPoint\",\"urlTemplate\":\"https:\/\/villaespina.es\/?s={search_term_string}\"},\"query-input\":{\"@type\":\"PropertyValueSpecification\",\"valueRequired\":true,\"valueName\":\"search_term_string\"}}],\"inLanguage\":\"en-GB\"},{\"@type\":\"Organization\",\"@id\":\"https:\/\/villaespina.es\/#organization\",\"name\":\"Casa Rural Villa Espina\",\"url\":\"https:\/\/villaespina.es\/\",\"logo\":{\"@type\":\"ImageObject\",\"inLanguage\":\"en-GB\",\"@id\":\"https:\/\/villaespina.es\/#\/schema\/logo\/image\/\",\"url\":\"https:\/\/villaespina.es\/wp-content\/uploads\/2025\/03\/logo.png\",\"contentUrl\":\"https:\/\/villaespina.es\/wp-content\/uploads\/2025\/03\/logo.png\",\"width\":4975,\"height\":2953,\"caption\":\"Casa Rural Villa Espina\"},\"image\":{\"@id\":\"https:\/\/villaespina.es\/#\/schema\/logo\/image\/\"}}]}<\/script>\n<!-- \/ Yoast SEO plugin. -->","yoast_head_json":{"title":"Pol\u00edtica de cookies - Casa Rural Villa Espina","robots":{"index":"index","follow":"follow","max-snippet":"max-snippet:-1","max-image-preview":"max-image-preview:large","max-video-preview":"max-video-preview:-1"},"canonical":"https:\/\/villaespina.es\/en\/politica-de-cookies\/","og_locale":"en_GB","og_type":"article","og_title":"Pol\u00edtica de cookies - Casa Rural Villa Espina","og_description":"OBJETO. Esta Pol\u00edtica de Cookies es parte integrante de las Condiciones de Uso y la Pol\u00edtica de Privacidad de la p\u00e1gina web de PALOMA FR\u00cdAS MART\u00d1INEZ con dominio www.villaespina.es (en adelante, el \u00abSitio Web\u00bb o la \u00abP\u00e1gina Web\u00bb). El acceso y la navegaci\u00f3n en el Sitio Web, o el uso de los servicios del mismo, [&hellip;]","og_url":"https:\/\/villaespina.es\/en\/politica-de-cookies\/","og_site_name":"Casa Rural Villa Espina","article_modified_time":"2025-04-02T06:34:51+00:00","twitter_card":"summary_large_image","twitter_misc":{"Estimated reading time":"10 minutes"},"schema":{"@context":"https:\/\/schema.org","@graph":[{"@type":"WebPage","@id":"https:\/\/villaespina.es\/politica-de-cookies\/","url":"https:\/\/villaespina.es\/politica-de-cookies\/","name":"Pol\u00edtica de cookies - Casa Rural Villa Espina","isPartOf":{"@id":"https:\/\/villaespina.es\/#website"},"datePublished":"2025-04-02T06:27:51+00:00","dateModified":"2025-04-02T06:34:51+00:00","breadcrumb":{"@id":"https:\/\/villaespina.es\/politica-de-cookies\/#breadcrumb"},"inLanguage":"en-GB","potentialAction":[{"@type":"ReadAction","target":["https:\/\/villaespina.es\/politica-de-cookies\/"]}]},{"@type":"BreadcrumbList","@id":"https:\/\/villaespina.es\/politica-de-cookies\/#breadcrumb","itemListElement":[{"@type":"ListItem","position":1,"name":"Portada","item":"https:\/\/villaespina.es\/"},{"@type":"ListItem","position":2,"name":"Pol\u00edtica de cookies"}]},{"@type":"WebSite","@id":"https:\/\/villaespina.es\/#website","url":"https:\/\/villaespina.es\/","name":"Casa Rural Villa Espina","description":"Escapada rural perfecta en Quintana del Puente, Palencia.","publisher":{"@id":"https:\/\/villaespina.es\/#organization"},"potentialAction":[{"@type":"SearchAction","target":{"@type":"EntryPoint","urlTemplate":"https:\/\/villaespina.es\/?s={search_term_string}"},"query-input":{"@type":"PropertyValueSpecification","valueRequired":true,"valueName":"search_term_string"}}],"inLanguage":"en-GB"},{"@type":"Organization","@id":"https:\/\/villaespina.es\/#organization","name":"Casa Rural Villa Espina","url":"https:\/\/villaespina.es\/","logo":{"@type":"ImageObject","inLanguage":"en-GB","@id":"https:\/\/villaespina.es\/#\/schema\/logo\/image\/","url":"https:\/\/villaespina.es\/wp-content\/uploads\/2025\/03\/logo.png","contentUrl":"https:\/\/villaespina.es\/wp-content\/uploads\/2025\/03\/logo.png","width":4975,"height":2953,"caption":"Casa Rural Villa Espina"},"image":{"@id":"https:\/\/villaespina.es\/#\/schema\/logo\/image\/"}}]}},"_links":{"self":[{"href":"https:\/\/villaespina.es\/en\/wp-json\/wp\/v2\/pages\/772","targetHints":{"allow":["GET"]}}],"collection":[{"href":"https:\/\/villaespina.es\/en\/wp-json\/wp\/v2\/pages"}],"about":[{"href":"https:\/\/villaespina.es\/en\/wp-json\/wp\/v2\/types\/page"}],"author":[{"embeddable":true,"href":"https:\/\/villaespina.es\/en\/wp-json\/wp\/v2\/users\/1"}],"replies":[{"embeddable":true,"href":"https:\/\/villaespina.es\/en\/wp-json\/wp\/v2\/comments?post=772"}],"version-history":[{"count":2,"href":"https:\/\/villaespina.es\/en\/wp-json\/wp\/v2\/pages\/772\/revisions"}],"predecessor-version":[{"id":774,"href":"https:\/\/villaespina.es\/en\/wp-json\/wp\/v2\/pages\/772\/revisions\/774"}],"wp:attachment":[{"href":"https:\/\/villaespina.es\/en\/wp-json\/wp\/v2\/media?parent=772"}],"curies":[{"name":"wp","href":"https:\/\/api.w.org\/{rel}","templated":true}]}}